{"id":925,"date":"2025-08-07T10:05:22","date_gmt":"2025-08-07T08:05:22","guid":{"rendered":"https:\/\/www.lisbethnilsson.se\/?page_id=925"},"modified":"2025-08-07T10:05:22","modified_gmt":"2025-08-07T08:05:22","slug":"alp-tool-in-brasilian-portuguese","status":"publish","type":"page","link":"https:\/\/www.lisbethnilsson.se\/en\/alp-tool-in-brasilian-portuguese\/","title":{"rendered":"ALP-tool in Brasilian Portuguese"},"content":{"rendered":"<h1><span style=\"color: #008000;\">ALP-tool &#8211; Assessment of Learning Powered mobility use (Ferramenta ALP &#8211; Avalia\u00e7\u00e3o do processo de aprendizagem do uso de aux\u00edlios de mobilidade motorizados), vers\u00e3o 2.0<\/span><\/h1>\n<ul>\n<li>\u00a0 \u00a0 \u00a0 \u00a0 A <strong>ferramenta ALP<\/strong> \u00e9 usada para avaliar o desempenho real de um usu\u00e1rio e a compreens\u00e3o do uso de dispositivos de mobilidade.<\/li>\n<li>\u00a0 \u00a0 \u00a0 \u00a0 As <strong>estrat\u00e9gias de facilita\u00e7\u00e3o do ALP<\/strong> fornecem ideias sobre como facilitar o progresso do processo de aprendizado.<\/li>\n<\/ul>\n<div>A ferramenta ALP com o instrumento ALP e as estrat\u00e9gias de facilita\u00e7\u00e3o ALP s\u00e3o usadas em conjunto para facilitar o aprendizado do uso de um dispositivo de mobilidade el\u00e9trica. A ideia \u00e9 que, se voc\u00ea puder entender o est\u00e1gio atual de aprendizagem de uma pessoa, poder\u00e1 adaptar o \u201cdesafio certo\u201d na situa\u00e7\u00e3o pr\u00e1tica para usar o(s) dispositivo(s) de mobilidade el\u00e9trica.<\/div>\n<h5><\/h5>\n<div><strong>Ferramenta ALP, vers\u00e3o 2.0 em portugu\u00eas do Brasil: (instrumento e estrat\u00e9gias de facilita\u00e7\u00e3o)<\/strong><\/div>\n<div>Fa\u00e7a o download aqui: \u00a0<a href=\"https:\/\/www.lisbethnilsson.se\/wp-content\/uploads\/2025\/08\/ALP_Instrument_2.0_Brasilian_Portuguese_-20-July_-2025.pdf\" target=\"_blank\" rel=\"noopener\">ALP-instrumento<\/a><\/div>\n<div>Fa\u00e7a o download aqui: \u00a0<a href=\"https:\/\/www.lisbethnilsson.se\/wp-content\/uploads\/2025\/08\/ALP-strategies-2.0-Brasilian-Portuguese_20-July-2025.pdf\" target=\"_blank\" rel=\"noopener\">ALP-estrat\u00e9gias de facilita\u00e7\u00e3o<\/a><\/div>\n<h5><\/h5>\n<div>A tradu\u00e7\u00e3o do ingl\u00eas para o portugu\u00eas brasileiro foi feita pela professora Egmar Longo, PT, PhD, e sua equipe em Santa Cruz, Brasil.<\/div>\n<h5><\/h5>\n<div>Nilsson L, Durkin J. <strong>Assessment of learning powered mobility use-Applying grounded theory to occupational performance<\/strong> (Avalia\u00e7\u00e3o do aprendizado do uso de mobilidade motorizada-Aplicando a teoria fundamentada ao desempenho ocupacional). J Rehabil Res Dev. 2014;51(6):963-74.<\/div>\n<div>Fa\u00e7a o download aqui: <a href=\"https:\/\/www.lisbethnilsson.se\/wp-content\/uploads\/2025\/03\/Assessment-of-learning-powered-mobility-use.pdf\" target=\"_blank\" rel=\"noopener\">Assessment-of-learning-powered-mobility-use<\/a> \u00a0 \u00a0 <a href=\"https:\/\/www.lisbethnilsson.se\/wp-content\/uploads\/2025\/03\/jrrd-2013-11-0237appn1.pdf\" target=\"_blank\" rel=\"noopener\">Ap\u00e9ndice 1 instrument<\/a> \u00a0 \u00a0 <a href=\"https:\/\/www.lisbethnilsson.se\/wp-content\/uploads\/2025\/03\/jrrd-2013-11-0237appn1.pdf\" target=\"_blank\" rel=\"noopener\">Ap\u00e9ndice<\/a><a href=\"https:\/\/www.lisbethnilsson.se\/wp-content\/uploads\/2025\/03\/jrrd-2013-11-0237appn2.pdf\" target=\"_blank\" rel=\"noopener\"> 2 facilitating strategies<\/a><\/div>\n","protected":false},"excerpt":{"rendered":"<p>ALP-tool &#8211; Assessment of Learning Powered mobility use (Ferramenta ALP &#8211; Avalia\u00e7\u00e3o do processo de aprendizagem do uso de aux\u00edlios de mobilidade motorizados), vers\u00e3o 2.0 \u00a0 \u00a0 \u00a0 \u00a0 A ferramenta ALP \u00e9 usada para avaliar o desempenho real de um usu\u00e1rio e a compreens\u00e3o do uso de dispositivos de mobilidade. \u00a0 \u00a0 \u00a0 \u00a0&#8230; <a href=\"https:\/\/www.lisbethnilsson.se\/en\/alp-tool-in-brasilian-portuguese\/\" class=\"excerpt-read-more\">Read More<\/a><\/p>\n","protected":false},"author":2,"featured_media":0,"parent":0,"menu_order":0,"comment_status":"closed","ping_status":"closed","template":"","meta":{"footnotes":""},"class_list":["post-925","page","type-page","status-publish","hentry"],"_links":{"self":[{"href":"https:\/\/www.lisbethnilsson.se\/en\/wp-json\/wp\/v2\/pages\/925","targetHints":{"allow":["GET"]}}],"collection":[{"href":"https:\/\/www.lisbethnilsson.se\/en\/wp-json\/wp\/v2\/pages"}],"about":[{"href":"https:\/\/www.lisbethnilsson.se\/en\/wp-json\/wp\/v2\/types\/page"}],"author":[{"embeddable":true,"href":"https:\/\/www.lisbethnilsson.se\/en\/wp-json\/wp\/v2\/users\/2"}],"replies":[{"embeddable":true,"href":"https:\/\/www.lisbethnilsson.se\/en\/wp-json\/wp\/v2\/comments?post=925"}],"version-history":[{"count":10,"href":"https:\/\/www.lisbethnilsson.se\/en\/wp-json\/wp\/v2\/pages\/925\/revisions"}],"predecessor-version":[{"id":951,"href":"https:\/\/www.lisbethnilsson.se\/en\/wp-json\/wp\/v2\/pages\/925\/revisions\/951"}],"wp:attachment":[{"href":"https:\/\/www.lisbethnilsson.se\/en\/wp-json\/wp\/v2\/media?parent=925"}],"curies":[{"name":"wp","href":"https:\/\/api.w.org\/{rel}","templated":true}]}}