{"id":872,"date":"2025-07-13T09:51:15","date_gmt":"2025-07-13T07:51:15","guid":{"rendered":"https:\/\/www.lisbethnilsson.se\/?page_id=872"},"modified":"2025-07-19T09:48:16","modified_gmt":"2025-07-19T07:48:16","slug":"alp-tool-in-german","status":"publish","type":"page","link":"https:\/\/www.lisbethnilsson.se\/en\/alp-tool-in-german\/","title":{"rendered":"ALP-tool in German"},"content":{"rendered":"<h1>ALP-werkzeug (<strong>A<\/strong>ssessment of <strong>L<\/strong>earning <strong>P<\/strong>owered mobility use) Beurteilungskriterien des Lernens der Nutzung motorisierter Mobilit\u00e4tshilfen, Version 2.0<\/h1>\n<ul>\n<li>Das <strong>ALP-Instrument<\/strong> wird verwendet, um die tats\u00e4chliche Leistung und das Verst\u00e4ndnis des Nutzers f\u00fcr die Nutzung des Hilfsmittels zu bewerten.<\/li>\n<li>Die <strong>ALP-Unterst\u00fctzungsstrategien<\/strong> liefern Ideen, wie der Lernprozess gef\u00f6rdert werden kann.<\/li>\n<\/ul>\n<p>Das Instrument und die Unterst\u00fctzungsstrategien werden Hand in Hand eingesetzt, um das Erlernen der Nutzung des Werkzeug zu erm\u00f6glichen. Es geht darum, die aktuelle Lernphase zu verstehen, um in der tats\u00e4chlichen \u00dcbungssituation die &#8220;richtige Herausforderung&#8221; zu bieten.<\/p>\n<p><strong>ALP-werkzeug, Version 2.0 auf Deutsch<\/strong>: (Instrument und Unterst\u00fctzungsstrategien)<\/p>\n<p>Download hier\u00a0\u00a0<a href=\"https:\/\/www.lisbethnilsson.se\/wp-content\/uploads\/2025\/07\/ALP_Instrument_2.0_German-original_-12-July_-2025.pdf\" target=\"_blank\" rel=\"noopener\">ALP-instrument<\/a><\/p>\n<p>Dowload hier\u00a0 \u00a0 <a href=\"https:\/\/www.lisbethnilsson.se\/wp-content\/uploads\/2025\/07\/ALP_Strategien_2.0_German-original-12-July_2025.pdf\" target=\"_blank\" rel=\"noopener\">ALP-Unterst\u00fctzungsstrategien<\/a><\/p>\n<p>Das ALP-Tool wurde von Maria Enge (Ingenieur und co-funder Roowalk, Deutschland) mit der Unterst\u00fctzung von Schirin Akhbari Ziegler (Professorin, ZHAW School of Health Sciences, Switzerland) ins Deutsche \u00fcbersetzt.<\/p>\n<p>Nilsson L, Durkin J. <strong>Assessment of learning powered mobility use\u2014Applying grounded theory to occupational performance.<\/strong> J Rehabil Res Dev. 2014;51(6):963\u201374.<br \/>\nDownload hier: \u00a0 <a href=\"https:\/\/www.lisbethnilsson.se\/wp-content\/uploads\/2025\/03\/Assessment-of-learning-powered-mobility-use.pdf\" target=\"_blank\" rel=\"noopener\">Assessment-of-learning-powered-mobility-use<\/a> \u00a0 \u00a0 <a href=\"https:\/\/www.lisbethnilsson.se\/wp-content\/uploads\/2025\/03\/jrrd-2013-11-0237appn1.pdf\" target=\"_blank\" rel=\"noopener\">Appendix 1 instrument<\/a> \u00a0 \u00a0 <a href=\"https:\/\/www.lisbethnilsson.se\/wp-content\/uploads\/2025\/03\/jrrd-2013-11-0237appn2.pdf\" target=\"_blank\" rel=\"noopener\">Appendix 2 facilitating strategies<\/a><\/p>\n","protected":false},"excerpt":{"rendered":"<p>ALP-werkzeug (Assessment of Learning Powered mobility use) Beurteilungskriterien des Lernens der Nutzung motorisierter Mobilit\u00e4tshilfen, Version 2.0 Das ALP-Instrument wird verwendet, um die tats\u00e4chliche Leistung und das Verst\u00e4ndnis des Nutzers f\u00fcr die Nutzung des Hilfsmittels zu bewerten. Die ALP-Unterst\u00fctzungsstrategien liefern Ideen, wie der Lernprozess gef\u00f6rdert werden kann. Das Instrument und die Unterst\u00fctzungsstrategien werden Hand in Hand&#8230; <a href=\"https:\/\/www.lisbethnilsson.se\/en\/alp-tool-in-german\/\" class=\"excerpt-read-more\">Read More<\/a><\/p>\n","protected":false},"author":2,"featured_media":0,"parent":0,"menu_order":0,"comment_status":"closed","ping_status":"closed","template":"","meta":{"footnotes":""},"class_list":["post-872","page","type-page","status-publish","hentry"],"_links":{"self":[{"href":"https:\/\/www.lisbethnilsson.se\/en\/wp-json\/wp\/v2\/pages\/872","targetHints":{"allow":["GET"]}}],"collection":[{"href":"https:\/\/www.lisbethnilsson.se\/en\/wp-json\/wp\/v2\/pages"}],"about":[{"href":"https:\/\/www.lisbethnilsson.se\/en\/wp-json\/wp\/v2\/types\/page"}],"author":[{"embeddable":true,"href":"https:\/\/www.lisbethnilsson.se\/en\/wp-json\/wp\/v2\/users\/2"}],"replies":[{"embeddable":true,"href":"https:\/\/www.lisbethnilsson.se\/en\/wp-json\/wp\/v2\/comments?post=872"}],"version-history":[{"count":5,"href":"https:\/\/www.lisbethnilsson.se\/en\/wp-json\/wp\/v2\/pages\/872\/revisions"}],"predecessor-version":[{"id":879,"href":"https:\/\/www.lisbethnilsson.se\/en\/wp-json\/wp\/v2\/pages\/872\/revisions\/879"}],"wp:attachment":[{"href":"https:\/\/www.lisbethnilsson.se\/en\/wp-json\/wp\/v2\/media?parent=872"}],"curies":[{"name":"wp","href":"https:\/\/api.w.org\/{rel}","templated":true}]}}