{"id":713,"date":"2023-02-16T12:03:47","date_gmt":"2023-02-16T11:03:47","guid":{"rendered":"https:\/\/www.lisbethnilsson.se\/?page_id=713"},"modified":"2025-03-28T09:31:45","modified_gmt":"2025-03-28T08:31:45","slug":"713-2","status":"publish","type":"page","link":"https:\/\/www.lisbethnilsson.se\/en\/713-2\/","title":{"rendered":"ALP-tool in Spanish"},"content":{"rendered":"<h1>ALP\u2013 (Aprendizaje del uso de la movilidad motorizada), versi\u00f3n 2.0<\/h1>\n<ul>\n<li><strong><span style=\"color: #008000;\">El instrumento ALP<\/span><\/strong> se utiliza para evaluar el rendimiento real de un usuario y la comprensi\u00f3n del uso de la herramienta.<\/li>\n<li><strong><span style=\"color: #008000;\">Las estrategias facilitadoras de ALP<\/span><\/strong> brindan ideas sobre c\u00f3mo facilitar el progreso en el proceso de aprendizaje.<\/li>\n<\/ul>\n<p>El instrumento y las estrategias de facilitaci\u00f3n se utilizan de la mano para permitir el aprendizaje del uso de la herramienta. La idea es comprender la fase real de aprendizaje, para poder proporcionar el &#8220;desaf\u00edo justo&#8221; en la situaci\u00f3n real de pr\u00e1ctica fuera del uso de la herramienta.<\/p>\n<p id=\"tw-target-text\" class=\"tw-data-text tw-text-large tw-ta\" dir=\"ltr\" data-placeholder=\"Translation\"><span class=\"Y2IQFc\" lang=\"es\"><span style=\"color: #008000;\"><strong>ALP, versi\u00f3n 2.0:<\/strong> <span style=\"color: #000000;\">(instrumento y estrategias facilitadoras)<\/span><\/span><br \/>\n<\/span><a href=\"https:\/\/www.lisbethnilsson.se\/wp-content\/uploads\/2023\/02\/ALP-Instromento-y-Facilitando-Estrategias-version-2.0.pdf\"><span class=\"Y2IQFc\" lang=\"es\">Descarga aqu\u00ed<\/span><\/a><\/p>\n<p dir=\"ltr\" data-placeholder=\"Translation\">La revisi\u00f3n final de la versi\u00f3n en espa\u00f1ol fue realizada por Roc\u00edo Palomo Carri\u00f3n, Cristina D\u00edaz L\u00f3pez and Mar\u00eda Coello Villal\u00f3n, Facultad de Fisioterapia y Enfermeria, Direcci\u00f3n Centro, Toledo, SPAIN<\/p>\n<p dir=\"ltr\" data-placeholder=\"Translation\">Nilsson and Durkin, 2014.\u00a0\u00a0\u00a0 <a href=\"https:\/\/www.lisbethnilsson.se\/wp-content\/uploads\/2025\/03\/Assessment-of-learning-powered-mobility-use.pdf\" target=\"_blank\" rel=\"noopener\">Assessment-of-learning-powered-mobility-use<\/a> \u00a0 \u00a0 <a href=\"https:\/\/www.lisbethnilsson.se\/wp-content\/uploads\/2025\/03\/jrrd-2013-11-0237appn1.pdf\" target=\"_blank\" rel=\"noopener\">Appendix 1 instrument<\/a> \u00a0 \u00a0 <a href=\"https:\/\/www.lisbethnilsson.se\/wp-content\/uploads\/2025\/03\/jrrd-2013-11-0237appn2.pdf\" target=\"_blank\" rel=\"noopener\">Appendix 2 facilitating strategies<\/a><\/p>\n","protected":false},"excerpt":{"rendered":"<p>ALP\u2013 (Aprendizaje del uso de la movilidad motorizada), versi\u00f3n 2.0 El instrumento ALP se utiliza para evaluar el rendimiento real de un usuario y la comprensi\u00f3n del uso de la herramienta. Las estrategias facilitadoras de ALP brindan ideas sobre c\u00f3mo facilitar el progreso en el proceso de aprendizaje. El instrumento y las estrategias de facilitaci\u00f3n&#8230; <a href=\"https:\/\/www.lisbethnilsson.se\/en\/713-2\/\" class=\"excerpt-read-more\">Read More<\/a><\/p>\n","protected":false},"author":2,"featured_media":0,"parent":0,"menu_order":0,"comment_status":"closed","ping_status":"closed","template":"","meta":{"footnotes":""},"class_list":["post-713","page","type-page","status-publish","hentry"],"_links":{"self":[{"href":"https:\/\/www.lisbethnilsson.se\/en\/wp-json\/wp\/v2\/pages\/713","targetHints":{"allow":["GET"]}}],"collection":[{"href":"https:\/\/www.lisbethnilsson.se\/en\/wp-json\/wp\/v2\/pages"}],"about":[{"href":"https:\/\/www.lisbethnilsson.se\/en\/wp-json\/wp\/v2\/types\/page"}],"author":[{"embeddable":true,"href":"https:\/\/www.lisbethnilsson.se\/en\/wp-json\/wp\/v2\/users\/2"}],"replies":[{"embeddable":true,"href":"https:\/\/www.lisbethnilsson.se\/en\/wp-json\/wp\/v2\/comments?post=713"}],"version-history":[{"count":6,"href":"https:\/\/www.lisbethnilsson.se\/en\/wp-json\/wp\/v2\/pages\/713\/revisions"}],"predecessor-version":[{"id":854,"href":"https:\/\/www.lisbethnilsson.se\/en\/wp-json\/wp\/v2\/pages\/713\/revisions\/854"}],"wp:attachment":[{"href":"https:\/\/www.lisbethnilsson.se\/en\/wp-json\/wp\/v2\/media?parent=713"}],"curies":[{"name":"wp","href":"https:\/\/api.w.org\/{rel}","templated":true}]}}