{"id":647,"date":"2020-04-28T10:36:17","date_gmt":"2020-04-28T08:36:17","guid":{"rendered":"http:\/\/www.lisbethnilsson.se\/?page_id=647"},"modified":"2025-03-28T09:30:02","modified_gmt":"2025-03-28T08:30:02","slug":"alp-verktyget-pa-norska","status":"publish","type":"page","link":"https:\/\/www.lisbethnilsson.se\/en\/alp-verktyget-pa-norska\/","title":{"rendered":"ALP-tool in Norwegian"},"content":{"rendered":"\r\n<h1><span class=\"has-inline-color\" style=\"color: #058320;\">ALP-verkt\u00f8yet (Avgj\u00f8re fase i l\u00e6ringsprosessen), versjon 2.0<br \/><\/span><\/h1>\r\n\r\n\r\n\r\n<ul>\r\n<li><strong><span style=\"color: #008000;\">ALP-instrumentet<\/span><\/strong> brukes for \u00e5 kartlegge en persons faktiske utf\u00f8relse i en elektrisk rullestol eller annet elektrisk drevet hjelpemiddel.<\/li>\r\n<li><span style=\"color: #008000;\"><strong>ALP-fremmende strategier<\/strong><\/span> gir ideer til hvordan en person som \u00f8ver kan gis st\u00f8tte i sin l\u00e6ringsprosess.<br \/><br \/>Instrumentet og de fremmende strategiene brukes sammen for \u00e5 \u00f8ke mulighetene for at en person kan l\u00e6re seg \u00e5 h\u00e5ndtere og anvende en elektrisk rullestol. Ideen med verkt\u00f8yet er at n\u00e5r man kan forst\u00e5 hvilken fase personen er i sin l\u00e6ringsprosess, s\u00e5 kan man ogs\u00e5 gi en utfordring som er \u00abpresis riktig\u00bb for personen i den aktuelle \u00f8vingssituasjonen.<\/li>\r\n<\/ul>\r\n\r\n\r\n\r\n<p class=\"has-text-color\" style=\"color: #08a300;\">ALP-verkt\u00f8yet: Informasjon, kortversjon og ALP-verkt\u00f8y samlet i en PDF:<br \/><a href=\"http:\/\/www.lisbethnilsson.se\/wp-content\/uploads\/2020\/04\/ALP-endelig-versjon.pdf\">Lastes ned her<\/a><\/p>\r\n<p><span class=\"Y2IQFc\" lang=\"no\">Oversettelsen ble utf\u00f8rt av Jenny K\u00e4ldman og Astrid Vikingsen Fauske, ergoterapeuter, NAV, Hjelpemidler og tilrettelegging<\/span><span class=\"Y2IQFc\" lang=\"no\">, Oslo<\/span><\/p>\r\n<p>Nilsson og Durkin, 2014\u00a0\u00a0\u00a0\u00a0 <a href=\"https:\/\/www.lisbethnilsson.se\/wp-content\/uploads\/2025\/03\/Assessment-of-learning-powered-mobility-use.pdf\" target=\"_blank\" rel=\"noopener\">Assessment-of-learning-powered-mobility-use<\/a> \u00a0 \u00a0 <a href=\"https:\/\/www.lisbethnilsson.se\/wp-content\/uploads\/2025\/03\/jrrd-2013-11-0237appn1.pdf\" target=\"_blank\" rel=\"noopener\">Appendix 1 instrument<\/a> \u00a0 \u00a0 <a href=\"https:\/\/www.lisbethnilsson.se\/wp-content\/uploads\/2025\/03\/jrrd-2013-11-0237appn2.pdf\" target=\"_blank\" rel=\"noopener\">Appendix 2 facilitating strategies<\/a><\/p>\r\n","protected":false},"excerpt":{"rendered":"<p>ALP-verkt\u00f8yet (Avgj\u00f8re fase i l\u00e6ringsprosessen), versjon 2.0 ALP-instrumentet brukes for \u00e5 kartlegge en persons faktiske utf\u00f8relse i en elektrisk rullestol eller annet elektrisk drevet hjelpemiddel. ALP-fremmende strategier gir ideer til hvordan en person som \u00f8ver kan gis st\u00f8tte i sin l\u00e6ringsprosess. Instrumentet og de fremmende strategiene brukes sammen for \u00e5 \u00f8ke mulighetene for at en&#8230; <a href=\"https:\/\/www.lisbethnilsson.se\/en\/alp-verktyget-pa-norska\/\" class=\"excerpt-read-more\">Read More<\/a><\/p>\n","protected":false},"author":2,"featured_media":0,"parent":0,"menu_order":0,"comment_status":"closed","ping_status":"closed","template":"","meta":{"footnotes":""},"class_list":["post-647","page","type-page","status-publish","hentry"],"_links":{"self":[{"href":"https:\/\/www.lisbethnilsson.se\/en\/wp-json\/wp\/v2\/pages\/647","targetHints":{"allow":["GET"]}}],"collection":[{"href":"https:\/\/www.lisbethnilsson.se\/en\/wp-json\/wp\/v2\/pages"}],"about":[{"href":"https:\/\/www.lisbethnilsson.se\/en\/wp-json\/wp\/v2\/types\/page"}],"author":[{"embeddable":true,"href":"https:\/\/www.lisbethnilsson.se\/en\/wp-json\/wp\/v2\/users\/2"}],"replies":[{"embeddable":true,"href":"https:\/\/www.lisbethnilsson.se\/en\/wp-json\/wp\/v2\/comments?post=647"}],"version-history":[{"count":10,"href":"https:\/\/www.lisbethnilsson.se\/en\/wp-json\/wp\/v2\/pages\/647\/revisions"}],"predecessor-version":[{"id":853,"href":"https:\/\/www.lisbethnilsson.se\/en\/wp-json\/wp\/v2\/pages\/647\/revisions\/853"}],"wp:attachment":[{"href":"https:\/\/www.lisbethnilsson.se\/en\/wp-json\/wp\/v2\/media?parent=647"}],"curies":[{"name":"wp","href":"https:\/\/api.w.org\/{rel}","templated":true}]}}