{"id":152,"date":"2015-07-24T12:02:33","date_gmt":"2015-07-24T10:02:33","guid":{"rendered":"http:\/\/www.lisbethnilsson.se\/en\/?page_id=152"},"modified":"2025-07-19T11:54:16","modified_gmt":"2025-07-19T09:54:16","slug":"publications","status":"publish","type":"page","link":"https:\/\/www.lisbethnilsson.se\/en\/publications\/","title":{"rendered":"Publications"},"content":{"rendered":"<h1>Publications<\/h1>\n<p>Livingstone, R.; Paleg, G.; Nilsson, L.; Boyd, R. Govender, P. (2025). <strong>Effectiveness of power mobility interventions for promoting overall development and functioning in children under age 7 years with non-ambulant cerebral palsy: A systematic review protocol<\/strong>. PROSPERO 2025 CRD420251013509.<br \/>\nAvailable at PROSPERO <a href=\"https:\/\/www.crd.york.ac.uk\/PROSPERO\/view\/CRD420251013509\" target=\"_blank\" rel=\"noopener\">link to protocol<\/a>.<\/p>\n<p>Martin, A-M., Nilsson, L. and Andrews, T. (2024). <strong>Classic Grounded Theory: A Rigorous Methodology for Research Involving Participants With Severe\/Profound Intellectual Disabilities.<\/strong> British Journal of Learning Disabilities, First published: 08 December 2024, <a href=\"https:\/\/doi.org\/10.1111\/bld.12635\" target=\"_blank\" rel=\"noopener\">https:\/\/doi.org\/10.1111\/bld.12635<\/a><\/p>\n<p>Leufstadius, C., Nilsson, L. and Hovbrandt, P. (2024). <strong>Experiences of meaningful occupation among diverse populations \u2013 A qualitative meta-ethnography.\u00a0<\/strong>Scandinavian Journal of Occupational Therapy 31(1).<br \/>\n<a href=\"https:\/\/doi.org\/10.1080\/11038128.2023.2294751\" target=\"_blank\" rel=\"noopener\">https:\/\/doi.org\/10.1080\/11038128.2023.2294751<\/a><\/p>\n<p>Modh, C., \u00d6hrvall A-M. and Nilsson L. (2023). <strong>Assessing the tool-use learning process in persons with profound intellectual and multiple disabilities.<\/strong> Disabilities 2023, 3(4), 477-492; <a href=\"https:\/\/doi.org\/10.3390\/disabilities3040030\" target=\"_blank\" rel=\"noopener\">https:\/\/doi.org\/10.3390\/disabilities3040030<\/a><\/p>\n<p>Nilsson, Lisbeth, and Lisa K. Kenyon (2022). <strong>Assessment and intervention for tool-use in learning powered mobility intervention: a focus on tyro learners<\/strong>. Disabilities 2 (2): 304-316. <a href=\"https:\/\/doi.org\/10.3390\/disabilities2020022\" target=\"_blank\" rel=\"noopener\">https:\/\/doi.org\/10.3390\/disabilities2020022<\/a><\/p>\n<p>Svensson, E. and L. Nilsson (2021). <strong>Inter-rater reliability of the assessment of learning powered mobility use, version 2.0, when applied with children and adults engaged in Driving to Learn in a powered wheelchair<\/strong>. Australian Occupational Therapy Journal 68(2):115-123. <a href=\"https:\/\/doi.org\/10.1111\/1440-1630.12709\" target=\"_blank\" rel=\"noopener\">https:\/\/doi.org\/10.1111\/1440-1630.12709<\/a><\/p>\n<p>Nilsson, L. (2019). <strong>Powered mobility for people with profound cognitive disabilities leads to developing occupational per-formance<\/strong>. British Journal of Occupational Therapy, 82, 655-657. <a href=\"https:\/\/doi.org\/10.1177\/0308022619839617\" target=\"_blank\" rel=\"noopener\">https:\/\/doi.org\/10.1177\/0308022619839617<\/a><\/p>\n<p>Nilsson, L., Durkin, J. (2017). <strong>Powered mobility intervention: understanding the position of tool use learning as part of implementing the ALP tool. <\/strong>Disability and Rehabilitation Assistive Technology, 12(7):730-739.<a href=\"https:\/\/doi.org\/10.1080\/17483107.2016.1253119\" target=\"_blank\" rel=\"noopener\"> https:\/\/doi.org\/10.1080\/17483107.2016.1253119<\/a><\/p>\n<p>Nilsson, L. (2016).<strong> \u00d6vning i elrullstol &#8211; en metod f\u00f6r l\u00e4rande.<\/strong> [Practice in a powered wheelchair &#8211; a method for learning]<br \/>\nChapter 18 in paper book: <strong>Arbetsterapi f\u00f6r barn och ungdom.<\/strong> [Occupational therapy for children and adolescents] Editors: Ann-Christin Eliasson, Helene Lidstr\u00f6m, Marie Peny-Dahlstrand. Studentlitteratur: Lund, Sweden<\/p>\n<p>Nilsson, L., Durkin, J. (2014). <strong>Assessment of learning powered mobility use\u2014Applying grounded theory to occupational performance. <\/strong>Journal of Rehabilitation Research and Development, 51(6),963\u201374. [PMID: 25357100].<br \/>\nDownload:\u00a0 \u00a0 <a href=\"https:\/\/www.lisbethnilsson.se\/wp-content\/uploads\/2025\/03\/Assessment-of-learning-powered-mobility-use.pdf\" target=\"_blank\" rel=\"noopener\">Assessment-of-learning-powered-mobility-use<\/a> \u00a0 \u00a0 <a href=\"https:\/\/www.lisbethnilsson.se\/wp-content\/uploads\/2025\/03\/jrrd-2013-11-0237appn1.pdf\" target=\"_blank\" rel=\"noopener\">Appendix 1 instrument<\/a> \u00a0 \u00a0 <a href=\"https:\/\/www.lisbethnilsson.se\/wp-content\/uploads\/2025\/03\/jrrd-2013-11-0237appn2.pdf\" target=\"_blank\" rel=\"noopener\">Appendix 2 facilitating strategies<\/a><\/p>\n<p>Nilsson, L. (2012). <strong>Driving to Learn a new intervention for people with stroke and spatial neglect. <\/strong>Posture and Mobility Group Journal, 29(2) Winter, 15-19.<br \/>\n<a href=\"https:\/\/www.lisbethnilsson.se\/wp-content\/uploads\/2025\/03\/DtL-a-new-interv-for-stroke-spatial-neglect.pdf\" target=\"_blank\" rel=\"noopener\">Download<\/a><\/p>\n<p>Nilsson, L. (2012). <strong>Using video methods in grounded theory.<\/strong> Chapter 6 in paper book: <strong>Grounded Theory: The philosophy, method and work of Barney Glaser<\/strong>.<br \/>\nEditors: Vivian Martin &amp; Astrid Gynnild. Brown Walker Press, Boca Raton, Florida, USA. <a href=\"https:\/\/www.universal-publishers.com\/book.php?method=ISBN&amp;book=1612335152&amp;srsltid=AfmBOopgYz81DilCGw4u7spoj_XTwBgBwfa8AFDYDxPy5m98ydEb1hL5\" target=\"_blank\" rel=\"noopener\">https:\/\/www.universal-publishers.com\/<\/a><\/p>\n<p>Nilsson, L., Eklund, M., &amp; Nyberg, P. (2011).<strong> Driving to Learn in a powered wheelchair: Inter-rater reliability of a tool for assessment of joystick-use. <\/strong>Australian Occupational Therapy Journal, (58), 447-454. [PMID:22111647]. <a href=\"https:\/\/doi.org\/10.1111\/j.1440-1630.2011.00983.x\" target=\"_blank\" rel=\"noopener\">https:\/\/doi.org\/10.1111\/j.1440-1630.2011.00983.x<\/a><\/p>\n<p>Nilsson, L., Eklund, M., Nyberg, P., &amp; Thulesius, H. (2011). <strong>Driving to Learn in a Powered Wheelchair: Identification of the Process of Growing Consciousness of Joystick-use in People with Profound Cognitive Disabilities. <\/strong>The American Journal of Occupational Therapy, Nov-Dec (65)6, 652-660. [PMID:22214109]. <a href=\"https:\/\/doi.org\/10.5014\/ajot.2011.001750\" target=\"_blank\" rel=\"noopener\">https:\/\/doi.org\/10.5014\/ajot.2011.001750<\/a><\/p>\n<p>Nilsson, L. (2011). <strong>Communication mediated by a powered wheelchair: People with profound cognitive disabilities.<\/strong><br \/>\nDisability Studies Quarterly, 31(04).<br \/>\n<a href=\"http:\/\/dsq-sds.org\/article\/view\/1708\/1756\" target=\"_blank\" rel=\"noopener\">View online<\/a><\/p>\n<p>Nilsson, L. (2010). <strong>People with profound cognitive disabilities learning joystick-use. <\/strong>International Journal of Therapy and Rehabilitation, (17), 12, 678. (correspondence).<\/p>\n<p>Nilsson, L., Nyberg, P., &amp; Eklund, M. (2010). <strong>Training characteristics important for growing consciousness of joystick-use in people with profound cognitive disabilities. <\/strong>International Journal of Therapy and Rehabilitation, (17), 11, 588-595. <a href=\"https:\/\/doi.org\/10.12968\/ijtr.2010.17.11.79539\" target=\"_blank\" rel=\"noopener\">https:\/\/doi.org\/10.12968\/ijtr.2010.17.11.79539<\/a><br \/>\n<a href=\"http:\/\/www.magonlinelibrary.com\/doi\/abs\/10.12968\/ijtr.2010.17.11.79539\" target=\"_blank\" rel=\"noopener\">Download abstract<\/a><\/p>\n<p>Nilsson L. (2007). <strong>Driving to Learn. The process of growing consciousness of tool use \u2013 a grounded theory of de-plateauing. <\/strong>Dissertation, Lund University, Faculty of Medicine, Institution of Health Sciences, Section of Occupational Therapy and Gerontology.<br \/>\n<a href=\"https:\/\/lup.lub.lu.se\/search\/publication\/548098\" target=\"_blank\" rel=\"noopener\">View information and Kappa<\/a><\/p>\n<p>Nilsson, L. &amp; Eklund, M. (2006). <strong>Driving to Learn: Powered wheelchair training for those with cognitive disabilities. <\/strong>International Journal of Therapy and Rehabilitation, (13), 11, 517- 527.<br \/>\n<a href=\"https:\/\/doi.org\/10.12968\/ijtr.2006.13.11.22466\" target=\"_blank\" rel=\"noopener\">https:\/\/doi.org\/10.12968\/ijtr.2006.13.11.22466<\/a><br \/>\n<a href=\"http:\/\/www.magonlinelibrary.com\/doi\/abs\/10.12968\/ijtr.2006.13.11.22466\" target=\"_blank\" rel=\"noopener\">Download abstract<\/a><\/p>\n<p>Nilsson L. &amp; Nyberg P. (2003). <strong>Driving to learn: A new concept for training children with profound cognitive disabilities in powered wheelchair. <\/strong>American Journal of Occupational Therapy, March\/April, 57, 2<br \/>\n[PMID:12674317]. <a href=\"https:\/\/doi.org\/10.5014\/ajot.57.2.229\" target=\"_blank\" rel=\"noopener\">https:\/\/doi.org\/10.5014\/ajot.57.2.229<\/a><\/p>\n<p>Nilsson Lisbeth. (2000). <strong>Driving to learn: The role of powered wheelchair training in rehabilitation<\/strong>. A book produced with grants from the Swedish Handicap Institute.<br \/>\n<a href=\"http:\/\/www.lisbethnilsson.se\/wp-content\/uploads\/2015\/08\/Driving-to-Learn-The-role-of-powered-wheelchair-training-in-rehabilitation.pdf\">Download<\/a><\/p>\n<p>Nilsson, L. &amp; Nyberg, P. (1999). <strong>Single-Switch Control Versus Powered Wheelchair for Training Cause-Effect Relationships. Which to Start with for Individuals at an Early Developmental Level? <\/strong>Technology and Disability, 10, 1-4 <a href=\"https:\/\/journals.sagepub.com\/doi\/abs\/10.3233\/TAD-1999-111-206\" target=\"_blank\" rel=\"noopener\">https:\/\/journals.sagepub.com\/doi\/abs\/10.3233\/TAD-1999-111-206<\/a><br \/>\n<a href=\"http:\/\/www.lisbethnilsson.se\/wp-content\/uploads\/2015\/08\/Nilsson-99-Single-switch-versus-pwc-TD.pdf\" target=\"_blank\" rel=\"noopener\">Download<\/a><\/p>\n<p>Nilsson, Lisbeth. (1996). <strong>What can be achieved by training in a powered wheelchair? A study of two multihandicapped preschool children. <\/strong>Masters thesis. Lund University, Department of community health sciences Dalby\/Lund<br \/>\n<a href=\"http:\/\/www.lisbethnilsson.se\/wp-content\/uploads\/2015\/07\/eng_uppsats1.pdf\" target=\"_blank\" rel=\"noopener\">Download<\/a><\/p>\n","protected":false},"excerpt":{"rendered":"<p>Publications Livingstone, R.; Paleg, G.; Nilsson, L.; Boyd, R. Govender, P. (2025). Effectiveness of power mobility interventions for promoting overall development and functioning in children under age 7 years with non-ambulant cerebral palsy: A systematic review protocol. PROSPERO 2025 CRD420251013509. Available at PROSPERO link to protocol. Martin, A-M., Nilsson, L. and Andrews, T. (2024). Classic&#8230; <a href=\"https:\/\/www.lisbethnilsson.se\/en\/publications\/\" class=\"excerpt-read-more\">Read More<\/a><\/p>\n","protected":false},"author":1,"featured_media":0,"parent":0,"menu_order":0,"comment_status":"closed","ping_status":"closed","template":"","meta":{"footnotes":""},"class_list":["post-152","page","type-page","status-publish","hentry"],"_links":{"self":[{"href":"https:\/\/www.lisbethnilsson.se\/en\/wp-json\/wp\/v2\/pages\/152","targetHints":{"allow":["GET"]}}],"collection":[{"href":"https:\/\/www.lisbethnilsson.se\/en\/wp-json\/wp\/v2\/pages"}],"about":[{"href":"https:\/\/www.lisbethnilsson.se\/en\/wp-json\/wp\/v2\/types\/page"}],"author":[{"embeddable":true,"href":"https:\/\/www.lisbethnilsson.se\/en\/wp-json\/wp\/v2\/users\/1"}],"replies":[{"embeddable":true,"href":"https:\/\/www.lisbethnilsson.se\/en\/wp-json\/wp\/v2\/comments?post=152"}],"version-history":[{"count":11,"href":"https:\/\/www.lisbethnilsson.se\/en\/wp-json\/wp\/v2\/pages\/152\/revisions"}],"predecessor-version":[{"id":920,"href":"https:\/\/www.lisbethnilsson.se\/en\/wp-json\/wp\/v2\/pages\/152\/revisions\/920"}],"wp:attachment":[{"href":"https:\/\/www.lisbethnilsson.se\/en\/wp-json\/wp\/v2\/media?parent=152"}],"curies":[{"name":"wp","href":"https:\/\/api.w.org\/{rel}","templated":true}]}}